{"id":82,"date":"2025-04-26T17:16:02","date_gmt":"2025-04-26T17:16:02","guid":{"rendered":"https:\/\/campbrochet-squarespace.com\/?page_id=82"},"modified":"2026-01-06T22:26:20","modified_gmt":"2026-01-06T22:26:20","slug":"camp-de-neige","status":"publish","type":"page","link":"https:\/\/campbrochet.com\/?page_id=82","title":{"rendered":"Camp de neige"},"content":{"rendered":"<div class=\"wpb-content-wrapper\"><p>[vc_row full_width=&#8221;stretch_row_content_no_spaces&#8221; hide_bg_image_on_tablet=&#8221;&#8221; hide_bg_image_on_mobile=&#8221;&#8221; css=&#8221;.vc_custom_1767736391228{background-image: url(https:\/\/campbrochet.com\/wp-content\/uploads\/2025\/04\/481105747_959629853017544_4225613420908833592_n.jpg?id=119) !important;background-position: center !important;background-repeat: no-repeat !important;background-size: cover !important;}&#8221; min_height=&#8221;700px&#8221;][vc_column]<div id=\"sc_title_1452243921\"\n\t\tclass=\"sc_title color_style_link3 scheme_dark sc_title_default  vc_custom_1767737860962\"><h6 class=\"sc_item_subtitle sc_title_subtitle sc_align_center sc_item_title_style_default\">Bienvenue au Camp Brochet<\/h6><h3 class=\"sc_item_title sc_title_title sc_align_center sc_item_title_style_default\">camps de neige<\/h3><\/div><!-- \/.sc_title -->[vc_row_inner content_placement=&#8221;middle&#8221; hide_bg_image_on_tablet=&#8221;&#8221; hide_bg_image_on_mobile=&#8221;&#8221; css=&#8221;.vc_custom_1767738309967{margin-top: 75px !important;}&#8221;][vc_column_inner]<div class=\"sc_item_button sc_button_wrap sc_align_center\"><a href=\"https:\/\/www.qidigo.com\/u\/Camp-Brochet\/activities\/session\" id=\"sc_button_819852969\" class=\"sc_button color_style_default sc_button_default sc_button_size_normal sc_button_icon_left\"><span class=\"sc_button_text sc_align_center\"><span class=\"sc_button_title\">Inscription en ligne<\/span><\/span><!-- \/.sc_button_text --><\/a><!-- \/.sc_button --><\/div><!-- \/.sc_item_button -->[\/vc_column_inner][\/vc_row_inner][\/vc_column][\/vc_row][vc_row][vc_column fix_column=&#8221;&#8221; hide_bg_image_on_tablet=&#8221;&#8221; hide_bg_image_on_mobile=&#8221;&#8221; css=&#8221;.vc_custom_1742988687717{margin-top: 64px !important;margin-bottom: 64px !important;}&#8221;][vc_row_inner][vc_column_inner width=&#8221;1\/2&#8243;][vc_single_image image=&#8221;242&#8243; img_size=&#8221;large&#8221; alignment=&#8221;center&#8221; css=&#8221;&#8221;][\/vc_column_inner][vc_column_inner width=&#8221;1\/2&#8243;][vc_column_text css=&#8221;&#8221;]<\/p>\n<p style=\"text-align: left;\">Pr\u00e9pare-toi \u00e0 vivre une fin de semaine inoubliable et \u00e0 faire de merveilleuses rencontres !<\/p>\n<p>Au programme\u00a0 :<\/p>\n<ul>\n<li>Animation<\/li>\n<li>Sport<\/li>\n<li>Enseignements bibliques<\/li>\n<li>Patinage<\/li>\n<li>Glissade en tube<\/li>\n<li>Collation sur le feu<\/li>\n<\/ul>\n<p>[\/vc_column_text][vc_empty_space][vc_btn title=&#8221;Inscription en ligne&#8221; align=&#8221;center&#8221; css=&#8221;&#8221; link=&#8221;url:https%3A%2F%2Fwww.qidigo.com%2Fu%2FCamp-Brochet%2Factivities%2Fsession|title:inscription%20en%20ligne&#8221;][\/vc_column_inner][\/vc_row_inner][\/vc_column][\/vc_row]<\/p>\n<\/div>","protected":false},"excerpt":{"rendered":"<p>[vc_row full_width=&#8221;stretch_row_content_no_spaces&#8221; hide_bg_image_on_tablet=&#8221;&#8221; hide_bg_image_on_mobile=&#8221;&#8221; css=&#8221;.vc_custom_1767736391228{background-image: url(https:\/\/campbrochet.com\/wp-content\/uploads\/2025\/04\/481105747_959629853017544_4225613420908833592_n.jpg?id=119) !important;background-position: center !important;background-repeat: no-repeat !important;background-size: cover !important;}&#8221; min_height=&#8221;700px&#8221;][vc_column][vc_row_inner content_placement=&#8221;middle&#8221; hide_bg_image_on_tablet=&#8221;&#8221; hide_bg_image_on_mobile=&#8221;&#8221; css=&#8221;.vc_custom_1767738309967{margin-top: 75px !important;}&#8221;][vc_column_inner][\/vc_column_inner][\/vc_row_inner][\/vc_column][\/vc_row][vc_row][vc_column fix_column=&#8221;&#8221; hide_bg_image_on_tablet=&#8221;&#8221; hide_bg_image_on_mobile=&#8221;&#8221; css=&#8221;.vc_custom_1742988687717{margin-top: 64px !important;margin-bottom: 64px !important;}&#8221;][vc_row_inner][vc_column_inner width=&#8221;1\/2&#8243;][vc_single_image image=&#8221;242&#8243; img_size=&#8221;large&#8221; alignment=&#8221;center&#8221; css=&#8221;&#8221;][\/vc_column_inner][vc_column_inner width=&#8221;1\/2&#8243;][vc_column_text css=&#8221;&#8221;] Pr\u00e9pare-toi \u00e0 vivre une fin de semaine inoubliable et \u00e0&hellip;<\/p>\n","protected":false},"author":1,"featured_media":0,"parent":0,"menu_order":0,"comment_status":"closed","ping_status":"closed","template":"","meta":{"footnotes":""},"class_list":["post-82","page","type-page","status-publish","hentry"],"yoast_head":"<!-- This site is optimized with the Yoast SEO plugin v27.4 - https:\/\/yoast.com\/product\/yoast-seo-wordpress\/ -->\n<title>Camp de neige - Camp Brochet<\/title>\n<meta name=\"robots\" content=\"index, follow, max-snippet:-1, max-image-preview:large, max-video-preview:-1\" \/>\n<link rel=\"canonical\" href=\"https:\/\/campbrochet.com\/?page_id=82\" \/>\n<meta property=\"og:locale\" content=\"en_US\" \/>\n<meta property=\"og:type\" content=\"article\" \/>\n<meta property=\"og:title\" content=\"Camp de neige - Camp Brochet\" \/>\n<meta property=\"og:description\" content=\"[vc_row full_width=&#8221;stretch_row_content_no_spaces&#8221; hide_bg_image_on_tablet=&#8221;&#8221; hide_bg_image_on_mobile=&#8221;&#8221; css=&#8221;.vc_custom_1767736391228{background-image: url(https:\/\/campbrochet.com\/wp-content\/uploads\/2025\/04\/481105747_959629853017544_4225613420908833592_n.jpg?id=119) !important;background-position: center !important;background-repeat: no-repeat !important;background-size: cover !important;}&#8221; min_height=&#8221;700px&#8221;][vc_column][vc_row_inner content_placement=&#8221;middle&#8221; hide_bg_image_on_tablet=&#8221;&#8221; hide_bg_image_on_mobile=&#8221;&#8221; css=&#8221;.vc_custom_1767738309967{margin-top: 75px !important;}&#8221;][vc_column_inner][\/vc_column_inner][\/vc_row_inner][\/vc_column][\/vc_row][vc_row][vc_column fix_column=&#8221;&#8221; hide_bg_image_on_tablet=&#8221;&#8221; hide_bg_image_on_mobile=&#8221;&#8221; css=&#8221;.vc_custom_1742988687717{margin-top: 64px !important;margin-bottom: 64px !important;}&#8221;][vc_row_inner][vc_column_inner width=&#8221;1\/2&#8243;][vc_single_image image=&#8221;242&#8243; img_size=&#8221;large&#8221; alignment=&#8221;center&#8221; css=&#8221;&#8221;][\/vc_column_inner][vc_column_inner width=&#8221;1\/2&#8243;][vc_column_text css=&#8221;&#8221;] Pr\u00e9pare-toi \u00e0 vivre une fin de semaine inoubliable et \u00e0&hellip;\" \/>\n<meta property=\"og:url\" content=\"https:\/\/campbrochet.com\/?page_id=82\" \/>\n<meta property=\"og:site_name\" content=\"Camp Brochet\" \/>\n<meta property=\"article:modified_time\" content=\"2026-01-06T22:26:20+00:00\" \/>\n<meta name=\"twitter:card\" content=\"summary_large_image\" \/>\n<meta name=\"twitter:label1\" content=\"Est. reading time\" \/>\n\t<meta name=\"twitter:data1\" content=\"1 minute\" \/>\n<script type=\"application\/ld+json\" class=\"yoast-schema-graph\">{\"@context\":\"https:\\\/\\\/schema.org\",\"@graph\":[{\"@type\":\"WebPage\",\"@id\":\"https:\\\/\\\/campbrochet.com\\\/?page_id=82\",\"url\":\"https:\\\/\\\/campbrochet.com\\\/?page_id=82\",\"name\":\"Camp de neige - Camp Brochet\",\"isPartOf\":{\"@id\":\"https:\\\/\\\/campbrochet.com\\\/#website\"},\"datePublished\":\"2025-04-26T17:16:02+00:00\",\"dateModified\":\"2026-01-06T22:26:20+00:00\",\"breadcrumb\":{\"@id\":\"https:\\\/\\\/campbrochet.com\\\/?page_id=82#breadcrumb\"},\"inLanguage\":\"en-CA\",\"potentialAction\":[{\"@type\":\"ReadAction\",\"target\":[\"https:\\\/\\\/campbrochet.com\\\/?page_id=82\"]}]},{\"@type\":\"BreadcrumbList\",\"@id\":\"https:\\\/\\\/campbrochet.com\\\/?page_id=82#breadcrumb\",\"itemListElement\":[{\"@type\":\"ListItem\",\"position\":1,\"name\":\"Home\",\"item\":\"https:\\\/\\\/campbrochet.com\\\/\"},{\"@type\":\"ListItem\",\"position\":2,\"name\":\"Camp de neige\"}]},{\"@type\":\"WebSite\",\"@id\":\"https:\\\/\\\/campbrochet.com\\\/#website\",\"url\":\"https:\\\/\\\/campbrochet.com\\\/\",\"name\":\"Camp Brochet\",\"description\":\"Camp Brochet\",\"publisher\":{\"@id\":\"https:\\\/\\\/campbrochet.com\\\/#organization\"},\"potentialAction\":[{\"@type\":\"SearchAction\",\"target\":{\"@type\":\"EntryPoint\",\"urlTemplate\":\"https:\\\/\\\/campbrochet.com\\\/?s={search_term_string}\"},\"query-input\":{\"@type\":\"PropertyValueSpecification\",\"valueRequired\":true,\"valueName\":\"search_term_string\"}}],\"inLanguage\":\"en-CA\"},{\"@type\":\"Organization\",\"@id\":\"https:\\\/\\\/campbrochet.com\\\/#organization\",\"name\":\"Camp Brochet\",\"url\":\"https:\\\/\\\/campbrochet.com\\\/\",\"logo\":{\"@type\":\"ImageObject\",\"inLanguage\":\"en-CA\",\"@id\":\"https:\\\/\\\/campbrochet.com\\\/#\\\/schema\\\/logo\\\/image\\\/\",\"url\":\"https:\\\/\\\/campbrochet.com\\\/wp-content\\\/uploads\\\/2025\\\/04\\\/cropped-cropped-cropped-1736899480862-1a83cde4-0551-46b5-8f2d-a67029c1a990_1.jpg\",\"contentUrl\":\"https:\\\/\\\/campbrochet.com\\\/wp-content\\\/uploads\\\/2025\\\/04\\\/cropped-cropped-cropped-1736899480862-1a83cde4-0551-46b5-8f2d-a67029c1a990_1.jpg\",\"width\":1024,\"height\":338,\"caption\":\"Camp Brochet\"},\"image\":{\"@id\":\"https:\\\/\\\/campbrochet.com\\\/#\\\/schema\\\/logo\\\/image\\\/\"}}]}<\/script>\n<!-- \/ Yoast SEO plugin. -->","yoast_head_json":{"title":"Camp de neige - Camp Brochet","robots":{"index":"index","follow":"follow","max-snippet":"max-snippet:-1","max-image-preview":"max-image-preview:large","max-video-preview":"max-video-preview:-1"},"canonical":"https:\/\/campbrochet.com\/?page_id=82","og_locale":"en_US","og_type":"article","og_title":"Camp de neige - Camp Brochet","og_description":"[vc_row full_width=&#8221;stretch_row_content_no_spaces&#8221; hide_bg_image_on_tablet=&#8221;&#8221; hide_bg_image_on_mobile=&#8221;&#8221; css=&#8221;.vc_custom_1767736391228{background-image: url(https:\/\/campbrochet.com\/wp-content\/uploads\/2025\/04\/481105747_959629853017544_4225613420908833592_n.jpg?id=119) !important;background-position: center !important;background-repeat: no-repeat !important;background-size: cover !important;}&#8221; min_height=&#8221;700px&#8221;][vc_column][vc_row_inner content_placement=&#8221;middle&#8221; hide_bg_image_on_tablet=&#8221;&#8221; hide_bg_image_on_mobile=&#8221;&#8221; css=&#8221;.vc_custom_1767738309967{margin-top: 75px !important;}&#8221;][vc_column_inner][\/vc_column_inner][\/vc_row_inner][\/vc_column][\/vc_row][vc_row][vc_column fix_column=&#8221;&#8221; hide_bg_image_on_tablet=&#8221;&#8221; hide_bg_image_on_mobile=&#8221;&#8221; css=&#8221;.vc_custom_1742988687717{margin-top: 64px !important;margin-bottom: 64px !important;}&#8221;][vc_row_inner][vc_column_inner width=&#8221;1\/2&#8243;][vc_single_image image=&#8221;242&#8243; img_size=&#8221;large&#8221; alignment=&#8221;center&#8221; css=&#8221;&#8221;][\/vc_column_inner][vc_column_inner width=&#8221;1\/2&#8243;][vc_column_text css=&#8221;&#8221;] Pr\u00e9pare-toi \u00e0 vivre une fin de semaine inoubliable et \u00e0&hellip;","og_url":"https:\/\/campbrochet.com\/?page_id=82","og_site_name":"Camp Brochet","article_modified_time":"2026-01-06T22:26:20+00:00","twitter_card":"summary_large_image","twitter_misc":{"Est. reading time":"1 minute"},"schema":{"@context":"https:\/\/schema.org","@graph":[{"@type":"WebPage","@id":"https:\/\/campbrochet.com\/?page_id=82","url":"https:\/\/campbrochet.com\/?page_id=82","name":"Camp de neige - Camp Brochet","isPartOf":{"@id":"https:\/\/campbrochet.com\/#website"},"datePublished":"2025-04-26T17:16:02+00:00","dateModified":"2026-01-06T22:26:20+00:00","breadcrumb":{"@id":"https:\/\/campbrochet.com\/?page_id=82#breadcrumb"},"inLanguage":"en-CA","potentialAction":[{"@type":"ReadAction","target":["https:\/\/campbrochet.com\/?page_id=82"]}]},{"@type":"BreadcrumbList","@id":"https:\/\/campbrochet.com\/?page_id=82#breadcrumb","itemListElement":[{"@type":"ListItem","position":1,"name":"Home","item":"https:\/\/campbrochet.com\/"},{"@type":"ListItem","position":2,"name":"Camp de neige"}]},{"@type":"WebSite","@id":"https:\/\/campbrochet.com\/#website","url":"https:\/\/campbrochet.com\/","name":"Camp Brochet","description":"Camp Brochet","publisher":{"@id":"https:\/\/campbrochet.com\/#organization"},"potentialAction":[{"@type":"SearchAction","target":{"@type":"EntryPoint","urlTemplate":"https:\/\/campbrochet.com\/?s={search_term_string}"},"query-input":{"@type":"PropertyValueSpecification","valueRequired":true,"valueName":"search_term_string"}}],"inLanguage":"en-CA"},{"@type":"Organization","@id":"https:\/\/campbrochet.com\/#organization","name":"Camp Brochet","url":"https:\/\/campbrochet.com\/","logo":{"@type":"ImageObject","inLanguage":"en-CA","@id":"https:\/\/campbrochet.com\/#\/schema\/logo\/image\/","url":"https:\/\/campbrochet.com\/wp-content\/uploads\/2025\/04\/cropped-cropped-cropped-1736899480862-1a83cde4-0551-46b5-8f2d-a67029c1a990_1.jpg","contentUrl":"https:\/\/campbrochet.com\/wp-content\/uploads\/2025\/04\/cropped-cropped-cropped-1736899480862-1a83cde4-0551-46b5-8f2d-a67029c1a990_1.jpg","width":1024,"height":338,"caption":"Camp Brochet"},"image":{"@id":"https:\/\/campbrochet.com\/#\/schema\/logo\/image\/"}}]}},"_links":{"self":[{"href":"https:\/\/campbrochet.com\/index.php?rest_route=\/wp\/v2\/pages\/82","targetHints":{"allow":["GET"]}}],"collection":[{"href":"https:\/\/campbrochet.com\/index.php?rest_route=\/wp\/v2\/pages"}],"about":[{"href":"https:\/\/campbrochet.com\/index.php?rest_route=\/wp\/v2\/types\/page"}],"author":[{"embeddable":true,"href":"https:\/\/campbrochet.com\/index.php?rest_route=\/wp\/v2\/users\/1"}],"replies":[{"embeddable":true,"href":"https:\/\/campbrochet.com\/index.php?rest_route=%2Fwp%2Fv2%2Fcomments&post=82"}],"version-history":[{"count":19,"href":"https:\/\/campbrochet.com\/index.php?rest_route=\/wp\/v2\/pages\/82\/revisions"}],"predecessor-version":[{"id":257,"href":"https:\/\/campbrochet.com\/index.php?rest_route=\/wp\/v2\/pages\/82\/revisions\/257"}],"wp:attachment":[{"href":"https:\/\/campbrochet.com\/index.php?rest_route=%2Fwp%2Fv2%2Fmedia&parent=82"}],"curies":[{"name":"wp","href":"https:\/\/api.w.org\/{rel}","templated":true}]}}