{"id":115,"date":"2025-04-26T17:24:11","date_gmt":"2025-04-26T17:24:11","guid":{"rendered":"https:\/\/campbrochet-squarespace.com\/?page_id=115"},"modified":"2025-12-05T03:01:37","modified_gmt":"2025-12-05T03:01:37","slug":"faire-un-don","status":"publish","type":"page","link":"https:\/\/campbrochet.com\/?page_id=115","title":{"rendered":"Faire un don"},"content":{"rendered":"<div class=\"wpb-content-wrapper\"><p>[vc_row][vc_column hide_bg_image_on_tablet=&#8221;&#8221; hide_bg_image_on_mobile=&#8221;&#8221; css=&#8221;.vc_custom_1737417705914{margin-bottom: 64px !important;}&#8221;][vc_column_text css=&#8221;&#8221;]<\/p>\n<h1>Soutenir la mission du Camp Brochet<\/h1>\n<p class=\"\">Nous sommes heureux de constater que vous avez \u00e0 c\u0153ur de soutenir la mission du Camp Brochet. Votre don est tr\u00e8s appr\u00e9ci\u00e9. Voici ce \u00e0 quoi il peut \u00eatre utilis\u00e9 :<\/p>\n<p>[\/vc_column_text][\/vc_column][\/vc_row][vc_row][vc_column hide_bg_image_on_tablet=&#8221;&#8221; hide_bg_image_on_mobile=&#8221;&#8221; css=&#8221;.vc_custom_1737417632338{margin-bottom: 128px !important;}&#8221;][vc_row_inner hide_bg_image_on_tablet=&#8221;&#8221; hide_bg_image_on_mobile=&#8221;&#8221;][vc_column_inner width=&#8221;1\/2&#8243;][vc_single_image image=&#8221;1086&#8243; img_size=&#8221;large&#8221; css=&#8221;&#8221;][vc_single_image image=&#8221;163&#8243; img_size=&#8221;large&#8221; alignment=&#8221;center&#8221; css=&#8221;&#8221;][\/vc_column_inner][vc_column_inner width=&#8221;1\/2&#8243; fix_column=&#8221;&#8221; hide_bg_image_on_tablet=&#8221;&#8221; hide_bg_image_on_mobile=&#8221;&#8221;][vc_column_text css=&#8221;&#8221;]<\/p>\n<div class=\"image-title-wrapper\">\n<div class=\"image-title sqs-dynamic-text\" data-width-percentage=\"34.2\">\n<p class=\"\">FONDS G\u00c9N\u00c9RAL<\/p>\n<\/div>\n<\/div>\n<div class=\"image-subtitle-wrapper\">\n<div class=\"image-subtitle sqs-dynamic-text\" data-width-percentage=\"34.2\">\n<p class=\"min-font-set\">Les dons qui sont fait pour notre fonds g\u00e9n\u00e9ral sont utilis\u00e9s pour les op\u00e9rations courantes du Camp (exemples : entretien des b\u00e2timents, achat d\u2019\u00e9quipement, salaire du directeur g\u00e9n\u00e9ral, etc.).<\/p>\n<\/div>\n<\/div>\n<p>[\/vc_column_text][\/vc_column_inner][\/vc_row_inner][\/vc_column][\/vc_row][vc_row][vc_column hide_bg_image_on_tablet=&#8221;&#8221; hide_bg_image_on_mobile=&#8221;&#8221; css=&#8221;.vc_custom_1737417645659{margin-bottom: 128px !important;}&#8221;][vc_column_text css=&#8221;&#8221;]<\/p>\n<div class=\"image-title-wrapper\">\n<div class=\"image-title sqs-dynamic-text\" data-width-percentage=\"34.2\">\n<p class=\"\">PROJET CHAPELLE<\/p>\n<\/div>\n<\/div>\n<p>[\/vc_column_text][vc_row_inner][vc_column_inner width=&#8221;1\/2&#8243;][vc_single_image image=&#8221;205&#8243; img_size=&#8221;large&#8221; alignment=&#8221;center&#8221; css=&#8221;.vc_custom_1756339750020{margin-bottom: 32px !important;}&#8221;][vc_single_image image=&#8221;203&#8243; img_size=&#8221;large&#8221; alignment=&#8221;center&#8221; css=&#8221;&#8221;][vc_single_image image=&#8221;1085&#8243; img_size=&#8221;large&#8221; css=&#8221;&#8221;][\/vc_column_inner][vc_column_inner width=&#8221;1\/2&#8243;][vc_gallery type=&#8221;flexslider_slide&#8221; interval=&#8221;3&#8243; images=&#8221;199,209,208,207,206,204&#8243; img_size=&#8221;medium&#8221; css=&#8221;&#8221;][\/vc_column_inner][\/vc_row_inner][vc_row_inner][vc_column_inner]<div id=\"widget_video_132266247\" class=\"widget_area sc_widget_video vc_widget_video wpb_content_element\"><\/div>[\/vc_column_inner][\/vc_row_inner][\/vc_column][\/vc_row][vc_row][vc_column hide_bg_image_on_tablet=&#8221;&#8221; hide_bg_image_on_mobile=&#8221;&#8221; css=&#8221;.vc_custom_1737417654528{margin-bottom: 128px !important;}&#8221;][vc_row_inner][vc_column_inner width=&#8221;1\/2&#8243;][vc_single_image image=&#8221;1084&#8243; img_size=&#8221;large&#8221; css=&#8221;&#8221;][vc_single_image image=&#8221;165&#8243; img_size=&#8221;large&#8221; alignment=&#8221;center&#8221; css=&#8221;&#8221;][\/vc_column_inner][vc_column_inner width=&#8221;1\/2&#8243;][vc_column_text css=&#8221;&#8221;]<\/p>\n<div class=\"image-title-wrapper\">\n<div class=\"image-title sqs-dynamic-text\" data-width-percentage=\"34.2\">\n<div class=\"image-title-wrapper\">\n<div class=\"image-title sqs-dynamic-text\" data-width-percentage=\"34.2\">\n<p class=\"\">SOUTIEN POUR LE PERSONNEL \u00c9TUDIANT<\/p>\n<\/div>\n<\/div>\n<div class=\"image-subtitle-wrapper\">\n<div class=\"image-subtitle sqs-dynamic-text\" data-width-percentage=\"34.2\">\n<p class=\"min-font-set\">\u00c0 chaque ann\u00e9e, pr\u00e8s d\u2019une trentaine de jeunes viennent passer plusieurs semaines avec nous pour s\u2019impliquer comme moniteurs, personnels d\u2019entretien ou autres. Votre g\u00e9n\u00e9rosit\u00e9 nous permet de leur donner un soutien financier en guise d\u2019appr\u00e9ciation et d\u2019encouragement pour leur travail.<\/p>\n<\/div>\n<\/div>\n<\/div>\n<\/div>\n<p>[\/vc_column_text][\/vc_column_inner][\/vc_row_inner][\/vc_column][\/vc_row][vc_row][vc_column hide_bg_image_on_tablet=&#8221;&#8221; hide_bg_image_on_mobile=&#8221;&#8221; css=&#8221;.vc_custom_1737417661524{margin-bottom: 128px !important;}&#8221;][vc_row_inner][vc_column_inner width=&#8221;1\/2&#8243;][vc_column_text css=&#8221;&#8221;]<\/p>\n<div class=\"image-title-wrapper\">\n<div class=\"image-title sqs-dynamic-text\" data-width-percentage=\"34.2\">\n<div class=\"image-title-wrapper\">\n<div class=\"image-title sqs-dynamic-text\" data-width-percentage=\"34.2\">\n<p class=\"\">FONDS DESBOIS<\/p>\n<\/div>\n<\/div>\n<div class=\"image-subtitle-wrapper\">\n<div class=\"image-subtitle sqs-dynamic-text\" data-width-percentage=\"34.2\">\n<p class=\"min-font-set\">Depuis plus de 20 ans, l\u2019argent ramass\u00e9 dans le Fonds Desbois permet \u00e0 des jeunes ou des familles dans le besoins de participer gratuitement ou \u00e0 moindre co\u00fbt \u00e0 nos camps.<\/p>\n<p>&nbsp;<\/p>\n<\/div>\n<p>Merci \u00e0 tous nos donateurs!<\/p>\n<\/div>\n<\/div>\n<\/div>\n<p>[\/vc_column_text][vc_single_image image=&#8221;1083&#8243; img_size=&#8221;large&#8221; css=&#8221;&#8221;][\/vc_column_inner][vc_column_inner width=&#8221;1\/2&#8243;][vc_single_image image=&#8221;166&#8243; img_size=&#8221;large&#8221; alignment=&#8221;center&#8221; css=&#8221;&#8221;][\/vc_column_inner][\/vc_row_inner][vc_empty_space height=&#8221;5em&#8221; hide_on_desktop=&#8221;&#8221; hide_on_notebook=&#8221;&#8221; hide_on_tablet=&#8221;&#8221; hide_on_mobile=&#8221;&#8221;][\/vc_column][\/vc_row][vc_row][vc_column][vc_cta h2=&#8221;COMMENT FAIRE VOTRE DON&#8221; add_button=&#8221;bottom&#8221; btn_title=&#8221;Faire un don&#8221; css=&#8221;&#8221; btn_link=&#8221;url:https%3A%2F%2Fwww.zeffy.com%2Ffr-CA%2Fdonation-form%2F65d41688-8cc6-4c72-9331-802f29dd32c3|title:Faire%20un%20don|target:_blank&#8221;]<\/p>\n<p id=\"yui_3_17_2_1_1737416294039_195\" class=\"\"><strong id=\"yui_3_17_2_1_1737416294039_194\">VIREMENT INTERAC<\/strong><\/p>\n<p class=\"\"><strong>Courriel<\/strong> : virement@campbrochet.com<\/p>\n<p class=\"\">Indiquez le but du don et vos coordonn\u00e9es pour le re\u00e7u d\u2019imp\u00f4t<\/p>\n<p class=\"\"><strong>PAIEMENT EN LIGNE<\/strong><\/p>\n<p>[\/vc_cta][\/vc_column][\/vc_row]<\/p>\n<\/div>","protected":false},"excerpt":{"rendered":"<p>[vc_row][vc_column hide_bg_image_on_tablet=&#8221;&#8221; hide_bg_image_on_mobile=&#8221;&#8221; css=&#8221;.vc_custom_1737417705914{margin-bottom: 64px !important;}&#8221;][vc_column_text css=&#8221;&#8221;] Soutenir la mission du Camp Brochet Nous sommes heureux de constater que vous avez \u00e0 c\u0153ur de soutenir la mission du Camp Brochet. Votre don est tr\u00e8s appr\u00e9ci\u00e9. Voici ce \u00e0 quoi il peut \u00eatre utilis\u00e9 : [\/vc_column_text][\/vc_column][\/vc_row][vc_row][vc_column&hellip;<\/p>\n","protected":false},"author":1,"featured_media":0,"parent":0,"menu_order":0,"comment_status":"closed","ping_status":"closed","template":"","meta":{"footnotes":""},"class_list":["post-115","page","type-page","status-publish","hentry"],"yoast_head":"<!-- This site is optimized with the Yoast SEO plugin v27.5 - https:\/\/yoast.com\/product\/yoast-seo-wordpress\/ -->\n<title>Faire un don - Camp Brochet<\/title>\n<meta name=\"robots\" content=\"index, follow, max-snippet:-1, max-image-preview:large, max-video-preview:-1\" \/>\n<link rel=\"canonical\" href=\"https:\/\/campbrochet.com\/?page_id=115\" \/>\n<meta property=\"og:locale\" content=\"en_US\" \/>\n<meta property=\"og:type\" content=\"article\" \/>\n<meta property=\"og:title\" content=\"Faire un don - Camp Brochet\" \/>\n<meta property=\"og:description\" content=\"[vc_row][vc_column hide_bg_image_on_tablet=&#8221;&#8221; hide_bg_image_on_mobile=&#8221;&#8221; css=&#8221;.vc_custom_1737417705914{margin-bottom: 64px !important;}&#8221;][vc_column_text css=&#8221;&#8221;] Soutenir la mission du Camp Brochet Nous sommes heureux de constater que vous avez \u00e0 c\u0153ur de soutenir la mission du Camp Brochet. Votre don est tr\u00e8s appr\u00e9ci\u00e9. Voici ce \u00e0 quoi il peut \u00eatre utilis\u00e9 : [\/vc_column_text][\/vc_column][\/vc_row][vc_row][vc_column&hellip;\" \/>\n<meta property=\"og:url\" content=\"https:\/\/campbrochet.com\/?page_id=115\" \/>\n<meta property=\"og:site_name\" content=\"Camp Brochet\" \/>\n<meta property=\"article:modified_time\" content=\"2025-12-05T03:01:37+00:00\" \/>\n<meta name=\"twitter:card\" content=\"summary_large_image\" \/>\n<script type=\"application\/ld+json\" class=\"yoast-schema-graph\">{\"@context\":\"https:\\\/\\\/schema.org\",\"@graph\":[{\"@type\":\"WebPage\",\"@id\":\"https:\\\/\\\/campbrochet.com\\\/?page_id=115\",\"url\":\"https:\\\/\\\/campbrochet.com\\\/?page_id=115\",\"name\":\"Faire un don - Camp Brochet\",\"isPartOf\":{\"@id\":\"https:\\\/\\\/campbrochet.com\\\/#website\"},\"datePublished\":\"2025-04-26T17:24:11+00:00\",\"dateModified\":\"2025-12-05T03:01:37+00:00\",\"breadcrumb\":{\"@id\":\"https:\\\/\\\/campbrochet.com\\\/?page_id=115#breadcrumb\"},\"inLanguage\":\"en-CA\",\"potentialAction\":[{\"@type\":\"ReadAction\",\"target\":[\"https:\\\/\\\/campbrochet.com\\\/?page_id=115\"]}]},{\"@type\":\"BreadcrumbList\",\"@id\":\"https:\\\/\\\/campbrochet.com\\\/?page_id=115#breadcrumb\",\"itemListElement\":[{\"@type\":\"ListItem\",\"position\":1,\"name\":\"Home\",\"item\":\"https:\\\/\\\/campbrochet.com\\\/\"},{\"@type\":\"ListItem\",\"position\":2,\"name\":\"Faire un don\"}]},{\"@type\":\"WebSite\",\"@id\":\"https:\\\/\\\/campbrochet.com\\\/#website\",\"url\":\"https:\\\/\\\/campbrochet.com\\\/\",\"name\":\"Camp Brochet\",\"description\":\"Camp Brochet\",\"publisher\":{\"@id\":\"https:\\\/\\\/campbrochet.com\\\/#organization\"},\"potentialAction\":[{\"@type\":\"SearchAction\",\"target\":{\"@type\":\"EntryPoint\",\"urlTemplate\":\"https:\\\/\\\/campbrochet.com\\\/?s={search_term_string}\"},\"query-input\":{\"@type\":\"PropertyValueSpecification\",\"valueRequired\":true,\"valueName\":\"search_term_string\"}}],\"inLanguage\":\"en-CA\"},{\"@type\":\"Organization\",\"@id\":\"https:\\\/\\\/campbrochet.com\\\/#organization\",\"name\":\"Camp Brochet\",\"url\":\"https:\\\/\\\/campbrochet.com\\\/\",\"logo\":{\"@type\":\"ImageObject\",\"inLanguage\":\"en-CA\",\"@id\":\"https:\\\/\\\/campbrochet.com\\\/#\\\/schema\\\/logo\\\/image\\\/\",\"url\":\"https:\\\/\\\/campbrochet.com\\\/wp-content\\\/uploads\\\/2025\\\/04\\\/cropped-cropped-cropped-1736899480862-1a83cde4-0551-46b5-8f2d-a67029c1a990_1.jpg\",\"contentUrl\":\"https:\\\/\\\/campbrochet.com\\\/wp-content\\\/uploads\\\/2025\\\/04\\\/cropped-cropped-cropped-1736899480862-1a83cde4-0551-46b5-8f2d-a67029c1a990_1.jpg\",\"width\":1024,\"height\":338,\"caption\":\"Camp Brochet\"},\"image\":{\"@id\":\"https:\\\/\\\/campbrochet.com\\\/#\\\/schema\\\/logo\\\/image\\\/\"}}]}<\/script>\n<!-- \/ Yoast SEO plugin. -->","yoast_head_json":{"title":"Faire un don - Camp Brochet","robots":{"index":"index","follow":"follow","max-snippet":"max-snippet:-1","max-image-preview":"max-image-preview:large","max-video-preview":"max-video-preview:-1"},"canonical":"https:\/\/campbrochet.com\/?page_id=115","og_locale":"en_US","og_type":"article","og_title":"Faire un don - Camp Brochet","og_description":"[vc_row][vc_column hide_bg_image_on_tablet=&#8221;&#8221; hide_bg_image_on_mobile=&#8221;&#8221; css=&#8221;.vc_custom_1737417705914{margin-bottom: 64px !important;}&#8221;][vc_column_text css=&#8221;&#8221;] Soutenir la mission du Camp Brochet Nous sommes heureux de constater que vous avez \u00e0 c\u0153ur de soutenir la mission du Camp Brochet. Votre don est tr\u00e8s appr\u00e9ci\u00e9. Voici ce \u00e0 quoi il peut \u00eatre utilis\u00e9 : [\/vc_column_text][\/vc_column][\/vc_row][vc_row][vc_column&hellip;","og_url":"https:\/\/campbrochet.com\/?page_id=115","og_site_name":"Camp Brochet","article_modified_time":"2025-12-05T03:01:37+00:00","twitter_card":"summary_large_image","schema":{"@context":"https:\/\/schema.org","@graph":[{"@type":"WebPage","@id":"https:\/\/campbrochet.com\/?page_id=115","url":"https:\/\/campbrochet.com\/?page_id=115","name":"Faire un don - Camp Brochet","isPartOf":{"@id":"https:\/\/campbrochet.com\/#website"},"datePublished":"2025-04-26T17:24:11+00:00","dateModified":"2025-12-05T03:01:37+00:00","breadcrumb":{"@id":"https:\/\/campbrochet.com\/?page_id=115#breadcrumb"},"inLanguage":"en-CA","potentialAction":[{"@type":"ReadAction","target":["https:\/\/campbrochet.com\/?page_id=115"]}]},{"@type":"BreadcrumbList","@id":"https:\/\/campbrochet.com\/?page_id=115#breadcrumb","itemListElement":[{"@type":"ListItem","position":1,"name":"Home","item":"https:\/\/campbrochet.com\/"},{"@type":"ListItem","position":2,"name":"Faire un don"}]},{"@type":"WebSite","@id":"https:\/\/campbrochet.com\/#website","url":"https:\/\/campbrochet.com\/","name":"Camp Brochet","description":"Camp Brochet","publisher":{"@id":"https:\/\/campbrochet.com\/#organization"},"potentialAction":[{"@type":"SearchAction","target":{"@type":"EntryPoint","urlTemplate":"https:\/\/campbrochet.com\/?s={search_term_string}"},"query-input":{"@type":"PropertyValueSpecification","valueRequired":true,"valueName":"search_term_string"}}],"inLanguage":"en-CA"},{"@type":"Organization","@id":"https:\/\/campbrochet.com\/#organization","name":"Camp Brochet","url":"https:\/\/campbrochet.com\/","logo":{"@type":"ImageObject","inLanguage":"en-CA","@id":"https:\/\/campbrochet.com\/#\/schema\/logo\/image\/","url":"https:\/\/campbrochet.com\/wp-content\/uploads\/2025\/04\/cropped-cropped-cropped-1736899480862-1a83cde4-0551-46b5-8f2d-a67029c1a990_1.jpg","contentUrl":"https:\/\/campbrochet.com\/wp-content\/uploads\/2025\/04\/cropped-cropped-cropped-1736899480862-1a83cde4-0551-46b5-8f2d-a67029c1a990_1.jpg","width":1024,"height":338,"caption":"Camp Brochet"},"image":{"@id":"https:\/\/campbrochet.com\/#\/schema\/logo\/image\/"}}]}},"_links":{"self":[{"href":"https:\/\/campbrochet.com\/index.php?rest_route=\/wp\/v2\/pages\/115","targetHints":{"allow":["GET"]}}],"collection":[{"href":"https:\/\/campbrochet.com\/index.php?rest_route=\/wp\/v2\/pages"}],"about":[{"href":"https:\/\/campbrochet.com\/index.php?rest_route=\/wp\/v2\/types\/page"}],"author":[{"embeddable":true,"href":"https:\/\/campbrochet.com\/index.php?rest_route=\/wp\/v2\/users\/1"}],"replies":[{"embeddable":true,"href":"https:\/\/campbrochet.com\/index.php?rest_route=%2Fwp%2Fv2%2Fcomments&post=115"}],"version-history":[{"count":8,"href":"https:\/\/campbrochet.com\/index.php?rest_route=\/wp\/v2\/pages\/115\/revisions"}],"predecessor-version":[{"id":229,"href":"https:\/\/campbrochet.com\/index.php?rest_route=\/wp\/v2\/pages\/115\/revisions\/229"}],"wp:attachment":[{"href":"https:\/\/campbrochet.com\/index.php?rest_route=%2Fwp%2Fv2%2Fmedia&parent=115"}],"curies":[{"name":"wp","href":"https:\/\/api.w.org\/{rel}","templated":true}]}}